{"id":595,"date":"2025-03-17T11:56:50","date_gmt":"2025-03-17T10:56:50","guid":{"rendered":"https:\/\/dpslaziska.pl\/?page_id=595"},"modified":"2025-03-18T10:26:30","modified_gmt":"2025-03-18T09:26:30","slug":"informacja-o-zakresie-dzialalnosci-domu-pomocy-spolecznej-w-laziskach-tekst-odczytywalny-maszynowo","status":"publish","type":"page","link":"https:\/\/dpslaziska.pl\/?page_id=595","title":{"rendered":"Informacja o zakresie dzia\u0142alno\u015bci Domu Pomocy Spo\u0142ecznej w \u0141aziskach \u2013 tekst odczytywalny maszynowo"},"content":{"rendered":"\t\t<div data-elementor-type=\"wp-page\" data-elementor-id=\"595\" class=\"elementor elementor-595\">\n\t\t\t\t<div class=\"elementor-element elementor-element-78bde8b e-flex e-con-boxed e-con e-parent\" data-id=\"78bde8b\" data-element_type=\"container\" data-e-type=\"container\">\n\t\t\t\t\t<div class=\"e-con-inner\">\n\t\t\t\t<div class=\"elementor-element elementor-element-003b3ca elementor-widget elementor-widget-text-editor\" data-id=\"003b3ca\" data-element_type=\"widget\" data-e-type=\"widget\" data-widget_type=\"text-editor.default\">\n\t\t\t\t<div class=\"elementor-widget-container\">\n\t\t\t\t\t\t\t\t\t<p align=\"JUSTIFY\"><span style=\"font-family: Arial, serif;\">\u00a0\u00a0\u00a0\u00a0 Dom Pomocy Spo\u0142ecznej \u201eDom Kombatanta\u201d w \u0141aziskach po\u0142o\u017cony jest w miejscowo\u015bci \u0141aziska w gminie Oro\u0144sko. Jest jednostk\u0105 organizacyjn\u0105 Powiatu Szyd\u0142owieckiego utworzon\u0105 w 1997 roku. Plac\u00f3wka przeznaczona jest dla osiemdziesi\u0119ciu os\u00f3b, w tym dla trzydziestu pi\u0119ciu os\u00f3b przewlekle somatycznie chorych oraz dla czterdziestu pi\u0119ciu os\u00f3b w podesz\u0142ym wieku \u2013 kobiet i m\u0119\u017cczyzn. Dyrektorem domu jest Pani Magdalena Bartosiak.<\/span><\/p>\n<span style=\"font-family: Arial, serif;\">\u015awiadczone us\u0142ugi<\/span>\n\n<span style=\"font-family: Arial, serif;\">Nasz dom jest plac\u00f3wk\u0105 \u015bwiadcz\u0105c\u0105 us\u0142ugi ca\u0142odobowo i zapewniaj\u0105c\u0105:<\/span>\n<ul>\n \t<li><span style=\"font-family: Arial, serif;\">miejsce zamieszkania w pokojach jedno lub dwuosobowych,<\/span><\/li>\n \t<li><span style=\"font-family: Arial, serif;\">wy\u017cywienie zgodnie z normami \u017cywieniowymi,<\/span><\/li>\n \t<li><span style=\"font-family: Arial, serif;\">opiek\u0119 lekarsk\u0105 i pomoc w korzystaniu ze \u015bwiadcze\u0144 zdrowotnych,<\/span><\/li>\n \t<li><span style=\"font-family: Arial, serif;\">ca\u0142odobow\u0105 opiek\u0119 piel\u0119gniarki,<\/span><\/li>\n \t<li><span style=\"font-family: Arial, serif;\">rehabilitacj\u0119 ruchow\u0105 i terapi\u0119 zabiegow\u0105 w nowoczesnym zapleczu rehabilitacyjnym<\/span><\/li>\n \t<li><span style=\"font-family: Arial, serif;\">wsparcie terapeutyczne poprzez formy i metody pracy terapeutycznej dostosowane do indywidualnych potrzeb i mo\u017cliwo\u015bci pensjonariuszy, zgodnie z ich wol\u0105 <\/span><\/li>\n \t<li><span style=\"font-family: Arial, serif;\">zaspokajanie potrzeb duchowych w kaplicy na terenie Domu poprzez czynne uczestnictwo we mszach \u015bwi\u0119tych odprawianych przez kapelana oraz wsp\u00f3lne modlitwy,<\/span><\/li>\n \t<li><span style=\"font-family: Arial, serif;\">podtrzymywanie wi\u0119zi rodzinnych mieszka\u0144c\u00f3w oraz wi\u0119zi ze spo\u0142eczno\u015bci\u0105 lokaln\u0105.<\/span><\/li>\n<\/ul>\n<span style=\"font-family: Arial, serif;\">\u00a0\u00a0\u00a0\u00a0 <\/span>\n<p align=\"JUSTIFY\">Wszystkie sprawy i formalno\u015bci zwi\u0105zane z przyj\u0119ciem do naszego Domu prowadz\u0105 pracownicy socjalni. S\u0105 oni odpowiedzialni za prowadzenie spraw mieszka\u0144c\u00f3w w tym akt osobowych, spraw dotycz\u0105cych rent, zasi\u0142k\u00f3w, emerytur, odp\u0142atno\u015bci za pobyt, przeprowadzanie wywiad\u00f3w \u015brodowiskowych, rozwi\u0105zywanie problem\u00f3w mieszka\u0144ca wykraczaj\u0105cych poza sprawy zwi\u0105zane z pobytem w DPS, a tak\u017ce prowadzenie formalno\u015bci zwi\u0105zanych z poch\u00f3wkiem mieszka\u0144ca.<\/p>\n<span style=\"font-family: Arial, serif;\">Dost\u0119pno\u015b\u0107 architektoniczna<\/span>\n\n&nbsp;\n<p align=\"JUSTIFY\">\u00a0\u00a0\u00a0 Budynek DPS jest wolny od barier architektonicznych, dostosowany dla os\u00f3b z niepe\u0142nosprawno\u015bciami . Furtka wej\u015bciowa na teren i brama wjazdowa wyposa\u017cone s\u0105 w pod\u015bwietlan\u0105 instalacj\u0119 domofonow\u0105 znajduj\u0105c\u0105 si\u0119 na s\u0142upku po prawej stronie furtki na wysoko\u015bci 110 cm. Brama otwierana jest automatycznie. Przed budynkiem znajduje si\u0119 parking dla pracownik\u00f3w, interesant\u00f3w oraz wydzielone na nim 2 miejsca parkingowe dla os\u00f3b z niepe\u0142nosprawno\u015bciami. Do wej\u015bcia g\u0142\u00f3wnego do budynku prowadz\u0105 dwustronne schody. Po lewej stronie schod\u00f3w znajduje si\u0119 podjazd dla os\u00f3b z niepe\u0142nosprawno\u015bciami poruszaj\u0105cych si\u0119 na w\u00f3zkach inwalidzkich. Na parterze w budynku g\u0142\u00f3wnym znajduj\u0105 si\u0119 pomieszczenia administracyjne oraz toaleta dla os\u00f3b z niepe\u0142nosprawno\u015bciami. Na poszczeg\u00f3lne kondygnacje prowadz\u0105 trzy klatki schodowe z dodatkowymi z por\u0119czami, oraz dwie windy osobowe. Korytarze wewn\u0105trz budynku przystosowane s\u0105 do przemieszczania si\u0119 os\u00f3b z niepe\u0142nosprawno\u015bciami oraz wyposa\u017cone s\u0105 w por\u0119cze. Ka\u017cdy pok\u00f3j mieszkalny wyposa\u017cony jest w indywidualny system przyzywowy. Do poszczeg\u00f3lnych pokoi wchodzi si\u0119 z korytarzy o szeroko\u015bci umo\u017cliwiaj\u0105cych swobodne wymijanie os\u00f3b Na terenie budynku jest mo\u017cliwo\u015b\u0107 poruszania z psem przewodnikiem.<\/p>\n<span style=\"font-family: Arial, serif;\">Kontakt:<\/span>\n<ul>\n \t<li><span style=\"font-family: Arial, serif;\">osobisty: przyj\u015bcie do siedziby plac\u00f3wki i za\u0142atwienie sprawy<\/span><\/li>\n \t<li><span style=\"font-family: Arial, serif;\">pisemny na adres: Dom Pomocy Spo\u0142ecznej \u201eDom Kombatanta\u201d w \u0141aziskach, \u0141aziska ul. Wsp\u00f3lna 1, 26-505 Oro\u0144sko.<\/span><\/li>\n \t<li><span style=\"font-family: Arial, serif;\">mailowy na adres: <a href=\"mailto:sekretariat@dpslaziska.pl\">sekretariat@dpslaziska.pl<\/a><\/span><\/li>\n \t<li><span style=\"font-family: Arial, serif;\">telefoniczny na numer telefonu: 48 6184437 lub 48 6184434<\/span><\/li>\n \t<li><span style=\"font-family: Arial, serif;\">faksem: 48 6184437<\/span><\/li>\n \t<li><span style=\"font-family: Arial, serif;\">poprzez elektroniczn\u0105 skrzynk\u0119 podawcz\u0105: <a href=\"http:\/\/www.epuap.gov.pl\">www.epuap.gov.pl<\/a> <\/span><\/li>\n<\/ul>\n<span style=\"font-family: Arial, serif;\">Po wi\u0119cej informacji zapraszamy na nasz\u0105 stron\u0119 internetow\u0105 <a href=\"http:\/\/www.dpslaziska.pl\">www.dpslaziska.pl<\/a>. <\/span>\t\t\t\t\t\t\t\t<\/div>\n\t\t\t\t<\/div>\n\t\t\t\t\t<\/div>\n\t\t\t\t<\/div>\n\t\t<div class=\"elementor-element elementor-element-2cdd725 e-flex e-con-boxed e-con e-parent\" data-id=\"2cdd725\" data-element_type=\"container\" data-e-type=\"container\">\n\t\t\t\t\t<div class=\"e-con-inner\">\n\t\t\t\t<div class=\"elementor-element elementor-element-33f4316 elementor-widget elementor-widget-text-editor\" data-id=\"33f4316\" data-element_type=\"widget\" data-e-type=\"widget\" data-widget_type=\"text-editor.default\">\n\t\t\t\t<div class=\"elementor-widget-container\">\n\t\t\t\t\t\t\t\t\t<p><a href=\"http:\/\/dpslaziska.pl\/wp-content\/uploads\/2025\/03\/Informacja-o-zakresie-dzialalnosci-Domu-Pomocy-Spolecznej-w-Laziskach-tekst-odczytywalny-maszynowo.docx\">Informacja o zakresie dzia\u0142alno\u015bci Domu Pomocy Spo\u0142ecznej w \u0141aziskach &#8211; tekst odczytywalny maszynowo &#8211; DOC<\/a><\/p><p><a href=\"http:\/\/dpslaziska.pl\/wp-content\/uploads\/2025\/03\/Informacja-o-zakresie-dzialalnosci-Domu-Pomocy-Spolecznej-w-Laziskach-Tekst-do-odczytu-maszynowego.pdf\">Informacja o zakresie dzia\u0142alno\u015bci Domu Pomocy Spo\u0142ecznej w \u0141aziskach &#8211; tekst odczytywalny maszynowo &#8211; PDF<\/a><\/p>\t\t\t\t\t\t\t\t<\/div>\n\t\t\t\t<\/div>\n\t\t\t\t\t<\/div>\n\t\t\t\t<\/div>\n\t\t\t\t<\/div>\n\t\t","protected":false},"excerpt":{"rendered":"<p>\u00a0\u00a0\u00a0\u00a0 Dom Pomocy Spo\u0142ecznej \u201eDom Kombatanta\u201d w \u0141aziskach po\u0142o\u017cony jest w miejscowo\u015bci \u0141aziska w gminie Oro\u0144sko. Jest jednostk\u0105 organizacyjn\u0105 Powiatu Szyd\u0142owieckiego utworzon\u0105 w 1997 roku. Plac\u00f3wka przeznaczona jest dla osiemdziesi\u0119ciu os\u00f3b, w tym dla trzydziestu pi\u0119ciu os\u00f3b przewlekle somatycznie chorych &hellip; <a href=\"https:\/\/dpslaziska.pl\/?page_id=595\">Czytaj dalej <span class=\"meta-nav\">&rarr;<\/span><\/a><\/p>\n","protected":false},"author":1,"featured_media":0,"parent":0,"menu_order":0,"comment_status":"closed","ping_status":"closed","template":"","meta":{"footnotes":""},"class_list":["post-595","page","type-page","status-publish","hentry"],"yoast_head":"<!-- This site is optimized with the Yoast SEO plugin v26.3 - https:\/\/yoast.com\/wordpress\/plugins\/seo\/ -->\n<title>Informacja o zakresie dzia\u0142alno\u015bci Domu Pomocy Spo\u0142ecznej w \u0141aziskach \u2013 tekst odczytywalny maszynowo - Dom Pomocy Spo\u0142ecznej &quot;Dom Kombatanta&quot; w \u0141aziskach<\/title>\n<meta name=\"robots\" content=\"index, follow, max-snippet:-1, max-image-preview:large, max-video-preview:-1\" \/>\n<link rel=\"canonical\" href=\"https:\/\/dpslaziska.pl\/?page_id=595\" \/>\n<meta property=\"og:locale\" content=\"pl_PL\" \/>\n<meta property=\"og:type\" content=\"article\" \/>\n<meta property=\"og:title\" content=\"Informacja o zakresie dzia\u0142alno\u015bci Domu Pomocy Spo\u0142ecznej w \u0141aziskach \u2013 tekst odczytywalny maszynowo - Dom Pomocy Spo\u0142ecznej &quot;Dom Kombatanta&quot; w \u0141aziskach\" \/>\n<meta property=\"og:description\" content=\"\u00a0\u00a0\u00a0\u00a0 Dom Pomocy Spo\u0142ecznej \u201eDom Kombatanta\u201d w \u0141aziskach po\u0142o\u017cony jest w miejscowo\u015bci \u0141aziska w gminie Oro\u0144sko. Jest jednostk\u0105 organizacyjn\u0105 Powiatu Szyd\u0142owieckiego utworzon\u0105 w 1997 roku. Plac\u00f3wka przeznaczona jest dla osiemdziesi\u0119ciu os\u00f3b, w tym dla trzydziestu pi\u0119ciu os\u00f3b przewlekle somatycznie chorych &hellip; Czytaj dalej &rarr;\" \/>\n<meta property=\"og:url\" content=\"https:\/\/dpslaziska.pl\/?page_id=595\" \/>\n<meta property=\"og:site_name\" content=\"Dom Pomocy Spo\u0142ecznej &quot;Dom Kombatanta&quot; w \u0141aziskach\" \/>\n<meta property=\"article:modified_time\" content=\"2025-03-18T09:26:30+00:00\" \/>\n<meta name=\"twitter:card\" content=\"summary_large_image\" \/>\n<meta name=\"twitter:label1\" content=\"Szacowany czas czytania\" \/>\n\t<meta name=\"twitter:data1\" content=\"3 minuty\" \/>\n<script type=\"application\/ld+json\" class=\"yoast-schema-graph\">{\"@context\":\"https:\/\/schema.org\",\"@graph\":[{\"@type\":\"WebPage\",\"@id\":\"https:\/\/dpslaziska.pl\/?page_id=595\",\"url\":\"https:\/\/dpslaziska.pl\/?page_id=595\",\"name\":\"Informacja o zakresie dzia\u0142alno\u015bci Domu Pomocy Spo\u0142ecznej w \u0141aziskach \u2013 tekst odczytywalny maszynowo - Dom Pomocy Spo\u0142ecznej &quot;Dom Kombatanta&quot; w \u0141aziskach\",\"isPartOf\":{\"@id\":\"https:\/\/dpslaziska.pl\/#website\"},\"datePublished\":\"2025-03-17T10:56:50+00:00\",\"dateModified\":\"2025-03-18T09:26:30+00:00\",\"breadcrumb\":{\"@id\":\"https:\/\/dpslaziska.pl\/?page_id=595#breadcrumb\"},\"inLanguage\":\"pl-PL\",\"potentialAction\":[{\"@type\":\"ReadAction\",\"target\":[\"https:\/\/dpslaziska.pl\/?page_id=595\"]}]},{\"@type\":\"BreadcrumbList\",\"@id\":\"https:\/\/dpslaziska.pl\/?page_id=595#breadcrumb\",\"itemListElement\":[{\"@type\":\"ListItem\",\"position\":1,\"name\":\"Home\",\"item\":\"https:\/\/dpslaziska.pl\/\"},{\"@type\":\"ListItem\",\"position\":2,\"name\":\"Informacja o&nbsp;zakresie dzia\u0142alno\u015bci Domu Pomocy Spo\u0142ecznej w&nbsp;\u0141aziskach \u2013 tekst odczytywalny maszynowo\"}]},{\"@type\":\"WebSite\",\"@id\":\"https:\/\/dpslaziska.pl\/#website\",\"url\":\"https:\/\/dpslaziska.pl\/\",\"name\":\"Dom Pomocy Spo\u0142ecznej &quot;Dom Kombatanta&quot; w \u0141aziskach\",\"description\":\"\",\"potentialAction\":[{\"@type\":\"SearchAction\",\"target\":{\"@type\":\"EntryPoint\",\"urlTemplate\":\"https:\/\/dpslaziska.pl\/?s={search_term_string}\"},\"query-input\":{\"@type\":\"PropertyValueSpecification\",\"valueRequired\":true,\"valueName\":\"search_term_string\"}}],\"inLanguage\":\"pl-PL\"}]}<\/script>\n<!-- \/ Yoast SEO plugin. -->","yoast_head_json":{"title":"Informacja o zakresie dzia\u0142alno\u015bci Domu Pomocy Spo\u0142ecznej w \u0141aziskach \u2013 tekst odczytywalny maszynowo - Dom Pomocy Spo\u0142ecznej &quot;Dom Kombatanta&quot; w \u0141aziskach","robots":{"index":"index","follow":"follow","max-snippet":"max-snippet:-1","max-image-preview":"max-image-preview:large","max-video-preview":"max-video-preview:-1"},"canonical":"https:\/\/dpslaziska.pl\/?page_id=595","og_locale":"pl_PL","og_type":"article","og_title":"Informacja o zakresie dzia\u0142alno\u015bci Domu Pomocy Spo\u0142ecznej w \u0141aziskach \u2013 tekst odczytywalny maszynowo - Dom Pomocy Spo\u0142ecznej &quot;Dom Kombatanta&quot; w \u0141aziskach","og_description":"\u00a0\u00a0\u00a0\u00a0 Dom Pomocy Spo\u0142ecznej \u201eDom Kombatanta\u201d w \u0141aziskach po\u0142o\u017cony jest w miejscowo\u015bci \u0141aziska w gminie Oro\u0144sko. Jest jednostk\u0105 organizacyjn\u0105 Powiatu Szyd\u0142owieckiego utworzon\u0105 w 1997 roku. Plac\u00f3wka przeznaczona jest dla osiemdziesi\u0119ciu os\u00f3b, w tym dla trzydziestu pi\u0119ciu os\u00f3b przewlekle somatycznie chorych &hellip; Czytaj dalej &rarr;","og_url":"https:\/\/dpslaziska.pl\/?page_id=595","og_site_name":"Dom Pomocy Spo\u0142ecznej &quot;Dom Kombatanta&quot; w \u0141aziskach","article_modified_time":"2025-03-18T09:26:30+00:00","twitter_card":"summary_large_image","twitter_misc":{"Szacowany czas czytania":"3 minuty"},"schema":{"@context":"https:\/\/schema.org","@graph":[{"@type":"WebPage","@id":"https:\/\/dpslaziska.pl\/?page_id=595","url":"https:\/\/dpslaziska.pl\/?page_id=595","name":"Informacja o zakresie dzia\u0142alno\u015bci Domu Pomocy Spo\u0142ecznej w \u0141aziskach \u2013 tekst odczytywalny maszynowo - Dom Pomocy Spo\u0142ecznej &quot;Dom Kombatanta&quot; w \u0141aziskach","isPartOf":{"@id":"https:\/\/dpslaziska.pl\/#website"},"datePublished":"2025-03-17T10:56:50+00:00","dateModified":"2025-03-18T09:26:30+00:00","breadcrumb":{"@id":"https:\/\/dpslaziska.pl\/?page_id=595#breadcrumb"},"inLanguage":"pl-PL","potentialAction":[{"@type":"ReadAction","target":["https:\/\/dpslaziska.pl\/?page_id=595"]}]},{"@type":"BreadcrumbList","@id":"https:\/\/dpslaziska.pl\/?page_id=595#breadcrumb","itemListElement":[{"@type":"ListItem","position":1,"name":"Home","item":"https:\/\/dpslaziska.pl\/"},{"@type":"ListItem","position":2,"name":"Informacja o&nbsp;zakresie dzia\u0142alno\u015bci Domu Pomocy Spo\u0142ecznej w&nbsp;\u0141aziskach \u2013 tekst odczytywalny maszynowo"}]},{"@type":"WebSite","@id":"https:\/\/dpslaziska.pl\/#website","url":"https:\/\/dpslaziska.pl\/","name":"Dom Pomocy Spo\u0142ecznej &quot;Dom Kombatanta&quot; w \u0141aziskach","description":"","potentialAction":[{"@type":"SearchAction","target":{"@type":"EntryPoint","urlTemplate":"https:\/\/dpslaziska.pl\/?s={search_term_string}"},"query-input":{"@type":"PropertyValueSpecification","valueRequired":true,"valueName":"search_term_string"}}],"inLanguage":"pl-PL"}]}},"_links":{"self":[{"href":"https:\/\/dpslaziska.pl\/index.php?rest_route=\/wp\/v2\/pages\/595","targetHints":{"allow":["GET"]}}],"collection":[{"href":"https:\/\/dpslaziska.pl\/index.php?rest_route=\/wp\/v2\/pages"}],"about":[{"href":"https:\/\/dpslaziska.pl\/index.php?rest_route=\/wp\/v2\/types\/page"}],"author":[{"embeddable":true,"href":"https:\/\/dpslaziska.pl\/index.php?rest_route=\/wp\/v2\/users\/1"}],"replies":[{"embeddable":true,"href":"https:\/\/dpslaziska.pl\/index.php?rest_route=%2Fwp%2Fv2%2Fcomments&post=595"}],"version-history":[{"count":16,"href":"https:\/\/dpslaziska.pl\/index.php?rest_route=\/wp\/v2\/pages\/595\/revisions"}],"predecessor-version":[{"id":658,"href":"https:\/\/dpslaziska.pl\/index.php?rest_route=\/wp\/v2\/pages\/595\/revisions\/658"}],"wp:attachment":[{"href":"https:\/\/dpslaziska.pl\/index.php?rest_route=%2Fwp%2Fv2%2Fmedia&parent=595"}],"curies":[{"name":"wp","href":"https:\/\/api.w.org\/{rel}","templated":true}]}}