{"id":130,"date":"2024-10-14T22:10:36","date_gmt":"2024-10-14T20:10:36","guid":{"rendered":"http:\/\/dpslaziska.pl\/?page_id=130"},"modified":"2024-11-28T14:22:40","modified_gmt":"2024-11-28T13:22:40","slug":"strona-glownawitamy-na-stronie-domu-pomocy-spolecznej-dom-kombatanta-w-laziskach-strona-glowna","status":"publish","type":"page","link":"https:\/\/dpslaziska.pl\/","title":{"rendered":"Strona g\u0142\u00f3wna"},"content":{"rendered":"\t\t<div data-elementor-type=\"wp-page\" data-elementor-id=\"130\" class=\"elementor elementor-130\">\n\t\t\t\t<div class=\"elementor-element elementor-element-11763f9 e-grid e-con-boxed e-con e-parent\" data-id=\"11763f9\" data-element_type=\"container\" data-e-type=\"container\">\n\t\t\t\t\t<div class=\"e-con-inner\">\n\t\t\t\t<div class=\"elementor-element elementor-element-bbc7a4a elementor-widget elementor-widget-image\" data-id=\"bbc7a4a\" data-element_type=\"widget\" data-e-type=\"widget\" data-widget_type=\"image.default\">\n\t\t\t\t<div class=\"elementor-widget-container\">\n\t\t\t\t\t\t\t\t\t\t\t\t\t\t\t<img fetchpriority=\"high\" decoding=\"async\" width=\"523\" height=\"469\" src=\"https:\/\/dpslaziska.pl\/wp-content\/uploads\/2024\/10\/LogoDPS.jpg\" class=\"attachment-large size-large wp-image-126\" alt=\"\" srcset=\"https:\/\/dpslaziska.pl\/wp-content\/uploads\/2024\/10\/LogoDPS.jpg 523w, https:\/\/dpslaziska.pl\/wp-content\/uploads\/2024\/10\/LogoDPS-300x269.jpg 300w\" sizes=\"(max-width: 523px) 100vw, 523px\" \/>\t\t\t\t\t\t\t\t\t\t\t\t\t\t\t<\/div>\n\t\t\t\t<\/div>\n\t\t\t\t<div class=\"elementor-element elementor-element-56d65e2 elementor-widget__width-auto elementor-widget elementor-widget-text-editor\" data-id=\"56d65e2\" data-element_type=\"widget\" data-e-type=\"widget\" data-widget_type=\"text-editor.default\">\n\t\t\t\t<div class=\"elementor-widget-container\">\n\t\t\t\t\t\t\t\t\t<p>\u201e<span style=\"font-family: Arial, serif;\"><i>Pomagaj innym<\/i><\/span><br \/><span style=\"font-family: Arial, serif;\"><i>i uczy\u0144 z tego najwi\u0119ksz\u0105 rado\u015b\u0107 \u017cycia\u201d<\/i><\/span><br \/><br \/><span style=\"font-family: Arial, serif;\"><i>A.L. Mc Ginnis<\/i><\/span><\/p>\t\t\t\t\t\t\t\t<\/div>\n\t\t\t\t<\/div>\n\t\t\t\t\t<\/div>\n\t\t\t\t<\/div>\n\t\t<div class=\"elementor-element elementor-element-6487e276 e-flex e-con-boxed e-con e-parent\" data-id=\"6487e276\" data-element_type=\"container\" data-e-type=\"container\">\n\t\t\t\t\t<div class=\"e-con-inner\">\n\t\t\t\t<div class=\"elementor-element elementor-element-a91a282 elementor-widget elementor-widget-text-editor\" data-id=\"a91a282\" data-element_type=\"widget\" data-e-type=\"widget\" data-widget_type=\"text-editor.default\">\n\t\t\t\t<div class=\"elementor-widget-container\">\n\t\t\t\t\t\t\t\t\t<p><span style=\"font-family: Arial, serif;\">Witamy na stronie Domu Pomocy Spo\u0142ecznej \u201eDom Kombatanta\u201d w \u0141aziskach.<\/span><\/p><p>Ide\u0105 tej strony jest pokazanie naszego \u017cycia a jednocze\u015bnie przeciwstawienie si\u0119 panuj\u0105cym stereotypom i przekonanie, \u017ce pobyt u nas to nie ostateczno\u015b\u0107 tylko dobry wyb\u00f3r, zw\u0142aszcza w sytuacjach trudnych, gdy nie jeste\u015bmy w stanie sami sobie poradzi\u0107.<\/p><p><!-- \/wp:paragraph --><\/p><p>\u0141\u0105cz\u0105c cechy prawdziwego domu jak r\u00f3wnie\u017c instytucji zatrudniaj\u0105cej naszym zadaniem jest pogodzi\u0107 prac\u0119 z cz\u0142owiekiem i istot\u0119 Domu, jako miejsca bezpiecznego, mi\u0142ego oraz wa\u017cnego dla cz\u0142owieka. Ka\u017cdy mieszkaniec mimo swoich schorze\u0144, wieku czy niepe\u0142nosprawno\u015bci jest istot\u0105 odczuwaj\u0105c\u0105, dlatego tak wa\u017cna jest dla nas troska o poczucie godno\u015bci cz\u0142owieka, kt\u00f3ra w funkcjonowaniu naszego Domu wysuwa si\u0119 na pierwszy plan.<\/p><p><!-- \/wp:paragraph --><\/p><p>\u201eJesie\u0144 \u017cycia\u201d i jej trudy to mimo wszystko nie czas smutku i izolacji od \u015bwiata, a wr\u0119cz przeciwnie. Jeste\u015bmy po to, aby naszym seniorom opr\u00f3cz zapewnienia wykwalifikowanej kadry, wsparcia medycznego i us\u0142ug na najwy\u017cszym poziomie ciekawie zagospodarowa\u0107 r\u00f3wnie\u017c czas wolny. Nasi mieszka\u0144cy s\u0105 usprawniani, aktywizowani a tak\u017ce rozwijaj\u0105 swoje pasje.<\/p><p><!-- \/wp:paragraph --><\/p><p>Serdecznie zapraszamy do zapoznania si\u0119 z nasz\u0105 stron\u0105, kt\u00f3ra wszystkim zainteresowanym przybli\u017cy kr\u00f3tko to gdzie jeste\u015bmy, dla kogo jeste\u015bmy i co oferujemy. ZAPRASZAMY!<\/p><p><!-- \/wp:paragraph --><\/p>\t\t\t\t\t\t\t\t<\/div>\n\t\t\t\t<\/div>\n\t\t\t\t\t<\/div>\n\t\t\t\t<\/div>\n\t\t<div class=\"elementor-element elementor-element-edbe23d e-flex e-con-boxed e-con e-parent\" data-id=\"edbe23d\" data-element_type=\"container\" data-e-type=\"container\">\n\t\t\t\t\t<div class=\"e-con-inner\">\n\t\t\t\t<div class=\"elementor-element elementor-element-f521cc3 elementor-widget elementor-widget-text-editor\" data-id=\"f521cc3\" data-element_type=\"widget\" data-e-type=\"widget\" data-widget_type=\"text-editor.default\">\n\t\t\t\t<div class=\"elementor-widget-container\">\n\t\t\t\t\t\t\t\t\t<div style=\"text-align: right;\">Magdalena Bartosiak<\/div><div style=\"text-align: right;\">Dyrektor\u00a0\u00a0\u00a0\u00a0\u00a0\u00a0\u00a0\u00a0\u00a0 <\/div>\t\t\t\t\t\t\t\t<\/div>\n\t\t\t\t<\/div>\n\t\t\t\t\t<\/div>\n\t\t\t\t<\/div>\n\t\t\t\t<\/div>\n\t\t","protected":false},"excerpt":{"rendered":"<p>\u201ePomagaj innymi uczy\u0144 z tego najwi\u0119ksz\u0105 rado\u015b\u0107 \u017cycia\u201d A.L. Mc Ginnis Witamy na stronie Domu Pomocy Spo\u0142ecznej \u201eDom Kombatanta\u201d w \u0141aziskach. Ide\u0105 tej strony jest pokazanie naszego \u017cycia a jednocze\u015bnie przeciwstawienie si\u0119 panuj\u0105cym stereotypom i przekonanie, \u017ce pobyt u nas &hellip; <a href=\"https:\/\/dpslaziska.pl\/\">Czytaj dalej <span class=\"meta-nav\">&rarr;<\/span><\/a><\/p>\n","protected":false},"author":1,"featured_media":0,"parent":0,"menu_order":0,"comment_status":"closed","ping_status":"closed","template":"","meta":{"footnotes":""},"class_list":["post-130","page","type-page","status-publish","hentry"],"yoast_head":"<!-- This site is optimized with the Yoast SEO plugin v26.3 - https:\/\/yoast.com\/wordpress\/plugins\/seo\/ -->\n<title>Strona g\u0142\u00f3wna - Dom Pomocy Spo\u0142ecznej &quot;Dom Kombatanta&quot; w \u0141aziskach<\/title>\n<meta name=\"robots\" content=\"index, follow, max-snippet:-1, max-image-preview:large, max-video-preview:-1\" \/>\n<link rel=\"canonical\" href=\"https:\/\/dpslaziska.pl\/\" \/>\n<meta property=\"og:locale\" content=\"pl_PL\" \/>\n<meta property=\"og:type\" content=\"article\" \/>\n<meta property=\"og:title\" content=\"Strona g\u0142\u00f3wna - Dom Pomocy Spo\u0142ecznej &quot;Dom Kombatanta&quot; w \u0141aziskach\" \/>\n<meta property=\"og:description\" content=\"\u201ePomagaj innymi uczy\u0144 z tego najwi\u0119ksz\u0105 rado\u015b\u0107 \u017cycia\u201d A.L. Mc Ginnis Witamy na stronie Domu Pomocy Spo\u0142ecznej \u201eDom Kombatanta\u201d w \u0141aziskach. Ide\u0105 tej strony jest pokazanie naszego \u017cycia a jednocze\u015bnie przeciwstawienie si\u0119 panuj\u0105cym stereotypom i przekonanie, \u017ce pobyt u nas &hellip; Czytaj dalej &rarr;\" \/>\n<meta property=\"og:url\" content=\"https:\/\/dpslaziska.pl\/\" \/>\n<meta property=\"og:site_name\" content=\"Dom Pomocy Spo\u0142ecznej &quot;Dom Kombatanta&quot; w \u0141aziskach\" \/>\n<meta property=\"article:modified_time\" content=\"2024-11-28T13:22:40+00:00\" \/>\n<meta property=\"og:image\" content=\"http:\/\/dpslaziska.pl\/wp-content\/uploads\/2024\/10\/LogoDPS.jpg\" \/>\n<meta name=\"twitter:card\" content=\"summary_large_image\" \/>\n<meta name=\"twitter:label1\" content=\"Szacowany czas czytania\" \/>\n\t<meta name=\"twitter:data1\" content=\"2 minuty\" \/>\n<script type=\"application\/ld+json\" class=\"yoast-schema-graph\">{\"@context\":\"https:\/\/schema.org\",\"@graph\":[{\"@type\":\"WebPage\",\"@id\":\"https:\/\/dpslaziska.pl\/\",\"url\":\"https:\/\/dpslaziska.pl\/\",\"name\":\"Strona g\u0142\u00f3wna - Dom Pomocy Spo\u0142ecznej &quot;Dom Kombatanta&quot; w \u0141aziskach\",\"isPartOf\":{\"@id\":\"https:\/\/dpslaziska.pl\/#website\"},\"primaryImageOfPage\":{\"@id\":\"https:\/\/dpslaziska.pl\/#primaryimage\"},\"image\":{\"@id\":\"https:\/\/dpslaziska.pl\/#primaryimage\"},\"thumbnailUrl\":\"http:\/\/dpslaziska.pl\/wp-content\/uploads\/2024\/10\/LogoDPS.jpg\",\"datePublished\":\"2024-10-14T20:10:36+00:00\",\"dateModified\":\"2024-11-28T13:22:40+00:00\",\"breadcrumb\":{\"@id\":\"https:\/\/dpslaziska.pl\/#breadcrumb\"},\"inLanguage\":\"pl-PL\",\"potentialAction\":[{\"@type\":\"ReadAction\",\"target\":[\"https:\/\/dpslaziska.pl\/\"]}]},{\"@type\":\"ImageObject\",\"inLanguage\":\"pl-PL\",\"@id\":\"https:\/\/dpslaziska.pl\/#primaryimage\",\"url\":\"http:\/\/dpslaziska.pl\/wp-content\/uploads\/2024\/10\/LogoDPS.jpg\",\"contentUrl\":\"http:\/\/dpslaziska.pl\/wp-content\/uploads\/2024\/10\/LogoDPS.jpg\"},{\"@type\":\"BreadcrumbList\",\"@id\":\"https:\/\/dpslaziska.pl\/#breadcrumb\",\"itemListElement\":[{\"@type\":\"ListItem\",\"position\":1,\"name\":\"Home\",\"item\":\"https:\/\/dpslaziska.pl\/\"},{\"@type\":\"ListItem\",\"position\":2,\"name\":\"Strona g\u0142\u00f3wna\"}]},{\"@type\":\"WebSite\",\"@id\":\"https:\/\/dpslaziska.pl\/#website\",\"url\":\"https:\/\/dpslaziska.pl\/\",\"name\":\"Dom Pomocy Spo\u0142ecznej &quot;Dom Kombatanta&quot; w \u0141aziskach\",\"description\":\"\",\"potentialAction\":[{\"@type\":\"SearchAction\",\"target\":{\"@type\":\"EntryPoint\",\"urlTemplate\":\"https:\/\/dpslaziska.pl\/?s={search_term_string}\"},\"query-input\":{\"@type\":\"PropertyValueSpecification\",\"valueRequired\":true,\"valueName\":\"search_term_string\"}}],\"inLanguage\":\"pl-PL\"}]}<\/script>\n<!-- \/ Yoast SEO plugin. -->","yoast_head_json":{"title":"Strona g\u0142\u00f3wna - Dom Pomocy Spo\u0142ecznej &quot;Dom Kombatanta&quot; w \u0141aziskach","robots":{"index":"index","follow":"follow","max-snippet":"max-snippet:-1","max-image-preview":"max-image-preview:large","max-video-preview":"max-video-preview:-1"},"canonical":"https:\/\/dpslaziska.pl\/","og_locale":"pl_PL","og_type":"article","og_title":"Strona g\u0142\u00f3wna - Dom Pomocy Spo\u0142ecznej &quot;Dom Kombatanta&quot; w \u0141aziskach","og_description":"\u201ePomagaj innymi uczy\u0144 z tego najwi\u0119ksz\u0105 rado\u015b\u0107 \u017cycia\u201d A.L. Mc Ginnis Witamy na stronie Domu Pomocy Spo\u0142ecznej \u201eDom Kombatanta\u201d w \u0141aziskach. Ide\u0105 tej strony jest pokazanie naszego \u017cycia a jednocze\u015bnie przeciwstawienie si\u0119 panuj\u0105cym stereotypom i przekonanie, \u017ce pobyt u nas &hellip; Czytaj dalej &rarr;","og_url":"https:\/\/dpslaziska.pl\/","og_site_name":"Dom Pomocy Spo\u0142ecznej &quot;Dom Kombatanta&quot; w \u0141aziskach","article_modified_time":"2024-11-28T13:22:40+00:00","og_image":[{"url":"http:\/\/dpslaziska.pl\/wp-content\/uploads\/2024\/10\/LogoDPS.jpg","type":"","width":"","height":""}],"twitter_card":"summary_large_image","twitter_misc":{"Szacowany czas czytania":"2 minuty"},"schema":{"@context":"https:\/\/schema.org","@graph":[{"@type":"WebPage","@id":"https:\/\/dpslaziska.pl\/","url":"https:\/\/dpslaziska.pl\/","name":"Strona g\u0142\u00f3wna - Dom Pomocy Spo\u0142ecznej &quot;Dom Kombatanta&quot; w \u0141aziskach","isPartOf":{"@id":"https:\/\/dpslaziska.pl\/#website"},"primaryImageOfPage":{"@id":"https:\/\/dpslaziska.pl\/#primaryimage"},"image":{"@id":"https:\/\/dpslaziska.pl\/#primaryimage"},"thumbnailUrl":"http:\/\/dpslaziska.pl\/wp-content\/uploads\/2024\/10\/LogoDPS.jpg","datePublished":"2024-10-14T20:10:36+00:00","dateModified":"2024-11-28T13:22:40+00:00","breadcrumb":{"@id":"https:\/\/dpslaziska.pl\/#breadcrumb"},"inLanguage":"pl-PL","potentialAction":[{"@type":"ReadAction","target":["https:\/\/dpslaziska.pl\/"]}]},{"@type":"ImageObject","inLanguage":"pl-PL","@id":"https:\/\/dpslaziska.pl\/#primaryimage","url":"http:\/\/dpslaziska.pl\/wp-content\/uploads\/2024\/10\/LogoDPS.jpg","contentUrl":"http:\/\/dpslaziska.pl\/wp-content\/uploads\/2024\/10\/LogoDPS.jpg"},{"@type":"BreadcrumbList","@id":"https:\/\/dpslaziska.pl\/#breadcrumb","itemListElement":[{"@type":"ListItem","position":1,"name":"Home","item":"https:\/\/dpslaziska.pl\/"},{"@type":"ListItem","position":2,"name":"Strona g\u0142\u00f3wna"}]},{"@type":"WebSite","@id":"https:\/\/dpslaziska.pl\/#website","url":"https:\/\/dpslaziska.pl\/","name":"Dom Pomocy Spo\u0142ecznej &quot;Dom Kombatanta&quot; w \u0141aziskach","description":"","potentialAction":[{"@type":"SearchAction","target":{"@type":"EntryPoint","urlTemplate":"https:\/\/dpslaziska.pl\/?s={search_term_string}"},"query-input":{"@type":"PropertyValueSpecification","valueRequired":true,"valueName":"search_term_string"}}],"inLanguage":"pl-PL"}]}},"_links":{"self":[{"href":"https:\/\/dpslaziska.pl\/index.php?rest_route=\/wp\/v2\/pages\/130","targetHints":{"allow":["GET"]}}],"collection":[{"href":"https:\/\/dpslaziska.pl\/index.php?rest_route=\/wp\/v2\/pages"}],"about":[{"href":"https:\/\/dpslaziska.pl\/index.php?rest_route=\/wp\/v2\/types\/page"}],"author":[{"embeddable":true,"href":"https:\/\/dpslaziska.pl\/index.php?rest_route=\/wp\/v2\/users\/1"}],"replies":[{"embeddable":true,"href":"https:\/\/dpslaziska.pl\/index.php?rest_route=%2Fwp%2Fv2%2Fcomments&post=130"}],"version-history":[{"count":66,"href":"https:\/\/dpslaziska.pl\/index.php?rest_route=\/wp\/v2\/pages\/130\/revisions"}],"predecessor-version":[{"id":556,"href":"https:\/\/dpslaziska.pl\/index.php?rest_route=\/wp\/v2\/pages\/130\/revisions\/556"}],"wp:attachment":[{"href":"https:\/\/dpslaziska.pl\/index.php?rest_route=%2Fwp%2Fv2%2Fmedia&parent=130"}],"curies":[{"name":"wp","href":"https:\/\/api.w.org\/{rel}","templated":true}]}}