{"id":10,"date":"2024-10-07T19:17:59","date_gmt":"2024-10-07T17:17:59","guid":{"rendered":"http:\/\/dpslaziska.pl\/?page_id=10"},"modified":"2024-11-26T20:33:50","modified_gmt":"2024-11-26T19:33:50","slug":"swiadczone-uslugi","status":"publish","type":"page","link":"https:\/\/dpslaziska.pl\/?page_id=10","title":{"rendered":"\u015awiadczone us\u0142ugi"},"content":{"rendered":"\t\t<div data-elementor-type=\"wp-page\" data-elementor-id=\"10\" class=\"elementor elementor-10\">\n\t\t\t\t<div class=\"elementor-element elementor-element-4f402b5a e-flex e-con-boxed e-con e-parent\" data-id=\"4f402b5a\" data-element_type=\"container\" data-e-type=\"container\">\n\t\t\t\t\t<div class=\"e-con-inner\">\n\t\t\t\t<div class=\"elementor-element elementor-element-36df1768 elementor-widget elementor-widget-text-editor\" data-id=\"36df1768\" data-element_type=\"widget\" data-e-type=\"widget\" data-widget_type=\"text-editor.default\">\n\t\t\t\t<div class=\"elementor-widget-container\">\n\t\t\t\t\t\t\t\t\t<p align=\"JUSTIFY\"><span style=\"font-family: Arial, serif;\"><span style=\"font-size: medium; color: #000000;\">Dom \u015bwiadczy na rzecz\u00a0mieszka\u0144c\u00f3w:<\/span><\/span><\/p>\n<p align=\"JUSTIFY\"><span style=\"font-family: Arial, serif;\"><span style=\"font-size: medium; color: #000000;\">1. us\u0142ugi bytowe\u00a0zapewniaj\u0105c:<\/span><\/span><\/p>\n\n<ul>\n \t<li>\n<p align=\"JUSTIFY\"><span style=\"font-family: Arial, serif;\"><span style=\"font-size: medium; color: #000000;\">miejsce\u00a0zamieszkania,<\/span><\/span><\/p>\n<\/li>\n \t<li>\n<p align=\"JUSTIFY\"><span style=\"font-family: Arial, serif;\"><span style=\"font-size: medium; color: #000000;\">wy\u017cywienie,<\/span><\/span><\/p>\n<\/li>\n \t<li>\n<p align=\"JUSTIFY\"><span style=\"font-family: Arial, serif;\"><span style=\"font-size: medium; color: #000000;\">odzie\u017c i\u00a0obuwie,<\/span><\/span><\/p>\n<\/li>\n \t<li>\n<p align=\"JUSTIFY\"><span style=\"font-family: Arial, serif;\"><span style=\"font-size: medium; color: #000000;\">utrzymanie\u00a0czysto\u015bci.<\/span><\/span><\/p>\n<\/li>\n<\/ul>\n<p align=\"JUSTIFY\"><span style=\"font-family: Arial, serif;\"><span style=\"font-size: medium; color: #000000;\">2. us\u0142ugi opieku\u0144cze, polegaj\u0105ce\u00a0na:<\/span><\/span><\/p>\n\n<ul>\n \t<li>\n<p align=\"JUSTIFY\"><span style=\"font-family: Arial, serif;\"><span style=\"font-size: medium; color: #000000;\">udzielaniu pomocy w\u00a0podstawowych czynno\u015bciach\u00a0\u017cyciowych,<\/span><\/span><\/p>\n<\/li>\n \t<li>\n<p align=\"JUSTIFY\"><span style=\"font-family: Arial, serif;\"><span style=\"font-size: medium; color: #000000;\">piel\u0119gnacji,<\/span><\/span><\/p>\n<\/li>\n \t<li>\n<p align=\"JUSTIFY\"><span style=\"font-family: Arial, serif;\"><span style=\"font-size: medium; color: #000000;\">niezb\u0119dnej pomocy w\u00a0za\u0142atwianiu spraw\u00a0osobistych<\/span><\/span><\/p>\n<\/li>\n<\/ul>\n<p align=\"JUSTIFY\"><span style=\"font-family: Arial, serif;\"><span style=\"font-size: medium; color: #000000;\">3. wspomagaj\u0105ce, polegaj\u0105ce\u00a0na:<\/span><\/span><\/p>\n\n<ul>\n \t<li>\n<p align=\"JUSTIFY\"><span style=\"font-family: Arial, serif;\"><span style=\"font-size: medium; color: #000000;\">umo\u017cliwianiu mieszka\u0144com udzia\u0142 w\u00a0terapii\u00a0zaj\u0119ciowej,<\/span><\/span><\/p>\n<\/li>\n \t<li>\n<p align=\"JUSTIFY\"><span style=\"font-family: Arial, serif;\"><span style=\"font-size: medium; color: #000000;\">podnoszeniu sprawno\u015bci i\u00a0aktywizowaniu\u00a0mieszka\u0144c\u00f3w,<\/span><\/span><\/p>\n<\/li>\n \t<li>\n<p align=\"JUSTIFY\"><span style=\"font-family: Arial, serif;\"><span style=\"font-size: medium; color: #000000;\">umo\u017cliwianiu zaspokajania potrzeb religijnych i\u00a0kulturalnych,<\/span><\/span><\/p>\n<\/li>\n \t<li>\n<p align=\"JUSTIFY\"><span style=\"font-family: Arial, serif;\"><span style=\"font-size: medium; color: #000000;\">zapewnianiu warunk\u00f3w do rozwoju samorz\u0105dno\u015bci\u00a0mieszka\u0144c\u00f3w,<\/span><\/span><\/p>\n<\/li>\n \t<li>\n<p align=\"JUSTIFY\"><span style=\"font-family: Arial, serif;\"><span style=\"font-size: medium; color: #000000;\">stymulowaniu nawi\u0105zywania, utrzymywania i\u00a0rozwijania kontakt\u00f3w z\u00a0rodzin\u0105,<\/span><\/span><\/p>\n<\/li>\n \t<li>\n<p align=\"JUSTIFY\"><span style=\"font-family: Arial, serif;\"><span style=\"font-size: medium; color: #000000;\">zapewnianiu bezpiecznego przechowywania \u015brodk\u00f3w\u00a0pieni\u0119\u017cnych,<\/span><\/span><\/p>\n<\/li>\n \t<li>\n<p align=\"JUSTIFY\"><span style=\"font-family: Arial, serif;\"><span style=\"font-size: medium; color: #000000;\">pomaganiu w\u00a0procesie\u00a0usamodzielniania,<\/span><\/span><\/p>\n<\/li>\n \t<li>\n<p align=\"JUSTIFY\"><span style=\"font-family: Arial, serif;\"><span style=\"font-size: medium; color: #000000;\">finansowaniu mieszka\u0144com nieposiadaj\u0105cym w\u0142asnych dochod\u00f3w wydatk\u00f3w na niezb\u0119dne przedmioty osobistego\u00a0u\u017cytku,<\/span><\/span><\/p>\n<\/li>\n \t<li>\n<p align=\"JUSTIFY\"><span style=\"font-family: Arial, serif;\"><span style=\"font-size: medium; color: #000000;\">zapewnianiu przestrzegania praw mieszka\u0144c\u00f3w\u00a0domu,<\/span><\/span><\/p>\n<\/li>\n \t<li>\n<p align=\"JUSTIFY\"><span style=\"font-family: Arial, serif;\"><span style=\"font-size: medium; color: #000000;\">umo\u017cliwianiu wnoszenia i\u00a0za\u0142atwiania skarg i\u00a0wniosk\u00f3w.<\/span><\/span><\/p>\n<\/li>\n<\/ul>\n<p align=\"JUSTIFY\">\u00a0 <span style=\"font-family: Arial, serif;\"><span style=\"font-size: medium; color: #000000;\">Mieszka\u0144cy Domu to g\u0142\u00f3wnie osoby o\u00a0ograniczonej sprawno\u015bci fizycznej b\u0105d\u017a psychosomatycznej. S\u0105 to osoby w\u00a0podesz\u0142ym wieku z\u00a0przewlek\u0142ymi schorzeniami somatycznymi. Jednym z\u00a0podstawowych zada\u0144 Domu jest realizacja us\u0142ug opieku\u0144czych w\u00a0zakresie uzale\u017cnionym od stanu zdrowia danej osoby. Podstawowe us\u0142ugi medyczne, a\u00a0tak\u017ce porady lekarzy specjalist\u00f3w dla mieszka\u0144c\u00f3w DPS \u201eDK\u201d w\u00a0\u0141aziskach zapewniane s\u0105 przez lekarzy Samodzielnego Publicznego Zak\u0142adu Opieki Zdrowotnej w\u00a0Oro\u0144sku. Dodatkowo dwa razy w\u00a0tygodniu odbywaj\u0105 si\u0119 wizyty lekarskie na miejscu w\u00a0DPS \u201eDK\u201d w\u00a0\u0141aziskach. W\u00a0godzinach popo\u0142udniowych i\u00a0nocnych opieka zabezpieczana jest przez lekarzy z\u00a0Pogotowia Ratunkowego. W\u00a0razie zaistnienia takiej potrzeby mieszka\u0144cy zostaj\u0105 obj\u0119ci opiek\u0105 lekarza psychiatry. Mieszka\u0144cy wymagaj\u0105cy powa\u017cnej i\u00a0natychmiastowej pomocy kierowani s\u0105 przez lekarzy rodzinnych na oddzia\u0142y pobliskich szpitali w\u00a0zale\u017cno\u015bci od rodzaju i\u00a0nasilenia danej dolegliwo\u015bci. W\u00a0zakresie us\u0142ug medycznych wykonywane s\u0105 badania diagnostyczne. Proces opieki piel\u0119gniarskiej poszczeg\u00f3lnych mieszka\u0144c\u00f3w realizowany jest zgodnie z\u00a0zaleceniami lekarskimi i\u00a0poszpitalnymi. Podopieczni Domu to r\u00f3wnie\u017c osoby wymagaj\u0105ce W\u00a0ramach kompleksowej dzia\u0142alno\u015bci opieku\u0144czej udzielana jest pomoc w\u00a0karmieniu, pomoc w\u00a0ubieraniu, pomoc w\u00a0utrzymaniu higieny osobistej, pomoc w\u00a0codziennej toalecie ca\u0142ego cia\u0142a, a\u00a0tak\u017ce pomocy w\u00a0przemieszczaniu. S\u0105 to podstawowe zadania wykonywane przez opiekun\u00f3w pracuj\u0105cych w\u00a0DPS \u201eDK\u201d w\u00a0\u0141aziskach wymagaj\u0105ce du\u017cego zaanga\u017cowania i\u00a0si\u0142y zar\u00f3wno fizycznej jak i\u00a0psychicznej.<\/span><\/span><\/p>\n<p align=\"JUSTIFY\">\u00a0\u00a0 <span style=\"font-family: Arial, serif;\"><span style=\"font-size: medium; color: #000000;\">Dom Pomocy Spo\u0142ecznej \u201eDom Kombatanta\u201d w\u00a0\u0141aziskach wyposa\u017cony jest w\u00a0blok \u017cywieniowy odpowiedzialny za przygotowywanie i\u00a0wydawanie posi\u0142k\u00f3w mieszka\u0144com. \u017bywienie mieszka\u0144c\u00f3w Domu prowadzone jest zgodnie z\u00a0normami \u017cywieniowymi. Pensjonariusze spo\u017cywaj\u0105 posi\u0142ki w\u00a0og\u00f3lnodost\u0119pnej kuchni z\u00a0wydzielon\u0105 jadalni\u0105 lub ze wzgl\u0119du na stan fizyczny karmieni s\u0105 przez personel w\u00a0swoich\u00a0pokojach.<\/span><\/span><\/p>\n<p align=\"JUSTIFY\">\u00a0\u00a0 <span style=\"font-family: Arial, serif;\"><span style=\"font-size: medium; color: #000000;\">Dom Pomocy Spo\u0142ecznej \u201eDom Kombatanta\u201d w\u00a0\u0141aziskach zaopatruje podopiecznych w\u00a0\u015brodki czysto\u015bci osobistej, przedmioty niezb\u0119dne do utrzymania higieny osobistej, a\u00a0tak\u017ce niezb\u0119dne przybory toaletowe. Zakupywana jest bielizna, odzie\u017c i\u00a0obuwie. W\u00a0razie potrzeby mieszka\u0144cy maj\u0105 mo\u017cliwo\u015b\u0107 zakupu produkt\u00f3w \u017cywno\u015bciowych i\u00a0innych przedmiot\u00f3w wed\u0142ug indywidualnych potrzeb z\u00a0w\u0142asnych \u015brodk\u00f3w. O\u00a0czysto\u015b\u0107 odzie\u017cy, bielizny osobistej i\u00a0po\u015bcielowej dba personel pralni Domu. Odzie\u017c jest prana, suszona, maglowana, a\u00a0w razie uszkodzenia w\u00a0miar\u0119 mo\u017cliwo\u015bci\u00a0naprawiana<\/span><\/span><\/p>\n<p align=\"JUSTIFY\">\u00a0 \u00a0 <span style=\"font-family: Arial, serif;\"><span style=\"font-size: medium; color: #000000;\">W\u00a0Domu Pomocy Spo\u0142ecznej \u201eDom Kombatanta\u201d w\u00a0\u0141aziskach funkcjonuje nowoczesne zaplecze rehabilitacyjne. W\u00a0ramach terapii zabiegowej i\u00a0rehabilitacji ruchowej Dom \u015bwiadczy us\u0142ugi na potrzeby mieszka\u0144c\u00f3w w\u00a0zakresie:<\/span><\/span><\/p>\n\n<ul>\n \t<li>\n<p align=\"JUSTIFY\"><span style=\"font-family: Arial, serif;\"><span style=\"font-size: medium; color: #000000;\">fizykoterapii (interdynamic, pulsotronic, magnetronic, diatronic, fangoparafina, inhalacje, solux, kriotur,\u00a0bioptron)<\/span><\/span><\/p>\n<\/li>\n \t<li>\n<p align=\"JUSTIFY\"><span style=\"font-family: Arial, serif;\"><span style=\"font-size: medium; color: #000000;\">kinezyterapii (UGUL z\u00a0kompleksowym wyposa\u017ceniem, fotel do \u0107wicze\u0144 ko\u0144czyn dolnych, tablice do \u0107wicze\u0144 manualnych ko\u0144czyn g\u00f3rnych, por\u0119cze do nauki chodzenia, schody, materace, \u0142aweczki, drabinki, pi\u0142ki, pi\u0142eczki, hantle\u00a0itp.)<\/span><\/span><\/p>\n<\/li>\n \t<li>\n<p align=\"JUSTIFY\"><span style=\"font-family: Arial, serif;\"><span style=\"font-size: medium; color: #000000;\">hydroterapii<\/span><\/span><\/p>\n<\/li>\n \t<li><span style=\"font-family: Arial, serif;\"><span style=\"font-size: medium; color: #000000;\">masa\u017cy (fotel do masa\u017cu mechanicznego, st\u00f3\u0142 do masa\u017cu\u00a0r\u0119cznego)<\/span><\/span><\/li>\n<\/ul>\n<p align=\"JUSTIFY\">\u00a0\u00a0\u00a0 <span style=\"font-family: Arial, serif;\"><span style=\"font-size: medium; color: #000000;\">Ponadto wykonywane s\u0105 \u0107wiczenia przy\u0142\u00f3\u017ckowe w\u00a0pokojach pensjonariuszy \u2013\u00a0zabiegi fizykoterapii, kinezyterapii, \u0107wiczenia geriatryczne, og\u00f3lnokondycyjne, zabiegi na\u015bwietlania lamp\u0105 bioptron,\u00a0inhalacje.<\/span><\/span><\/p>\n<p align=\"JUSTIFY\">\u00a0 \u00a0\u00a0 <span style=\"font-family: Arial, serif;\"><span style=\"font-size: medium; color: #000000;\">Dom Pomocy Spo\u0142ecznej \u201eDom Kombatanta\u201d w\u00a0\u0141aziskach zapewnia swoim mieszka\u0144com wsparcie terapeutyczne. Formy i\u00a0metody pracy terapeutycznej dostosowane s\u0105 do indywidualnych potrzeb i\u00a0mo\u017cliwo\u015bci pensjonariuszy zgodnie z\u00a0ich wol\u0105. G\u0142\u00f3wnymi celami terapii zaj\u0119ciowej s\u0105 m.in.: wyrabianie u\u00a0podopiecznych poczucia bezpiecze\u0144stwa, uspo\u0142ecznianie aktywizowanie, kultywowanie tradycji i\u00a0pami\u0119ci o\u00a0wa\u017cnych datach, rocznicach, jubileuszach, \u015bwi\u0119tach. W\u00a0Domu Pomocy Spo\u0142ecznej \u201eDom Kombatanta\u201d w\u00a0\u0141aziskach aktywizacja mieszka\u0144c\u00f3w odbywa si\u0119 przede wszystkim w\u00a0ramach dzia\u0142alno\u015bci kulturalno-o\u015bwiatowej. Wa\u017cnym i\u00a0bardzo po\u017c\u0105danym przez mieszka\u0144c\u00f3w Domu elementem jest mo\u017cliwo\u015bci realizacji swoich potrzeb duchowych poprzez czynne uczestnictwo we mszach \u015bwi\u0119tych odprawianych przez kapelana oraz wsp\u00f3lne modlitwy: r\u00f3\u017caniec, maj\u00f3wki, nabo\u017ce\u0144stwa czerwcowe, droga krzy\u017cowa oraz \u015bpiewanie pie\u015bni religijnych. U\u0142atwiane jest te\u017c podtrzymywanie wi\u0119zi rodzinnych mieszka\u0144c\u00f3w oraz wi\u0119zi ze spo\u0142eczno\u015bci\u0105\u00a0lokaln\u0105.<\/span><\/span><\/p>\t\t\t\t\t\t\t\t<\/div>\n\t\t\t\t<\/div>\n\t\t\t\t\t<\/div>\n\t\t\t\t<\/div>\n\t\t\t\t<\/div>\n\t\t","protected":false},"excerpt":{"rendered":"<p>Dom \u015bwiadczy na rzecz\u00a0mieszka\u0144c\u00f3w: 1. us\u0142ugi bytowe\u00a0zapewniaj\u0105c: miejsce\u00a0zamieszkania, wy\u017cywienie, odzie\u017c i\u00a0obuwie, utrzymanie\u00a0czysto\u015bci. 2. us\u0142ugi opieku\u0144cze, polegaj\u0105ce\u00a0na: udzielaniu pomocy w\u00a0podstawowych czynno\u015bciach\u00a0\u017cyciowych, piel\u0119gnacji, niezb\u0119dnej pomocy w\u00a0za\u0142atwianiu spraw\u00a0osobistych 3. wspomagaj\u0105ce, polegaj\u0105ce\u00a0na: umo\u017cliwianiu mieszka\u0144com udzia\u0142 w\u00a0terapii\u00a0zaj\u0119ciowej, podnoszeniu sprawno\u015bci i\u00a0aktywizowaniu\u00a0mieszka\u0144c\u00f3w, umo\u017cliwianiu zaspokajania potrzeb religijnych i\u00a0kulturalnych, &hellip; <a href=\"https:\/\/dpslaziska.pl\/?page_id=10\">Czytaj dalej <span class=\"meta-nav\">&rarr;<\/span><\/a><\/p>\n","protected":false},"author":1,"featured_media":0,"parent":0,"menu_order":0,"comment_status":"closed","ping_status":"closed","template":"","meta":{"footnotes":""},"class_list":["post-10","page","type-page","status-publish","hentry"],"yoast_head":"<!-- This site is optimized with the Yoast SEO plugin v26.3 - https:\/\/yoast.com\/wordpress\/plugins\/seo\/ -->\n<title>\u015awiadczone us\u0142ugi - Dom Pomocy Spo\u0142ecznej &quot;Dom Kombatanta&quot; w \u0141aziskach<\/title>\n<meta name=\"robots\" content=\"index, follow, max-snippet:-1, max-image-preview:large, max-video-preview:-1\" \/>\n<link rel=\"canonical\" href=\"https:\/\/dpslaziska.pl\/?page_id=10\" \/>\n<meta property=\"og:locale\" content=\"pl_PL\" \/>\n<meta property=\"og:type\" content=\"article\" \/>\n<meta property=\"og:title\" content=\"\u015awiadczone us\u0142ugi - Dom Pomocy Spo\u0142ecznej &quot;Dom Kombatanta&quot; w \u0141aziskach\" \/>\n<meta property=\"og:description\" content=\"Dom \u015bwiadczy na rzecz\u00a0mieszka\u0144c\u00f3w: 1. us\u0142ugi bytowe\u00a0zapewniaj\u0105c: miejsce\u00a0zamieszkania, wy\u017cywienie, odzie\u017c i\u00a0obuwie, utrzymanie\u00a0czysto\u015bci. 2. us\u0142ugi opieku\u0144cze, polegaj\u0105ce\u00a0na: udzielaniu pomocy w\u00a0podstawowych czynno\u015bciach\u00a0\u017cyciowych, piel\u0119gnacji, niezb\u0119dnej pomocy w\u00a0za\u0142atwianiu spraw\u00a0osobistych 3. wspomagaj\u0105ce, polegaj\u0105ce\u00a0na: umo\u017cliwianiu mieszka\u0144com udzia\u0142 w\u00a0terapii\u00a0zaj\u0119ciowej, podnoszeniu sprawno\u015bci i\u00a0aktywizowaniu\u00a0mieszka\u0144c\u00f3w, umo\u017cliwianiu zaspokajania potrzeb religijnych i\u00a0kulturalnych, &hellip; Czytaj dalej &rarr;\" \/>\n<meta property=\"og:url\" content=\"https:\/\/dpslaziska.pl\/?page_id=10\" \/>\n<meta property=\"og:site_name\" content=\"Dom Pomocy Spo\u0142ecznej &quot;Dom Kombatanta&quot; w \u0141aziskach\" \/>\n<meta property=\"article:modified_time\" content=\"2024-11-26T19:33:50+00:00\" \/>\n<meta name=\"twitter:card\" content=\"summary_large_image\" \/>\n<meta name=\"twitter:label1\" content=\"Szacowany czas czytania\" \/>\n\t<meta name=\"twitter:data1\" content=\"4 minuty\" \/>\n<script type=\"application\/ld+json\" class=\"yoast-schema-graph\">{\"@context\":\"https:\/\/schema.org\",\"@graph\":[{\"@type\":\"WebPage\",\"@id\":\"https:\/\/dpslaziska.pl\/?page_id=10\",\"url\":\"https:\/\/dpslaziska.pl\/?page_id=10\",\"name\":\"\u015awiadczone us\u0142ugi - Dom Pomocy Spo\u0142ecznej &quot;Dom Kombatanta&quot; w \u0141aziskach\",\"isPartOf\":{\"@id\":\"https:\/\/dpslaziska.pl\/#website\"},\"datePublished\":\"2024-10-07T17:17:59+00:00\",\"dateModified\":\"2024-11-26T19:33:50+00:00\",\"breadcrumb\":{\"@id\":\"https:\/\/dpslaziska.pl\/?page_id=10#breadcrumb\"},\"inLanguage\":\"pl-PL\",\"potentialAction\":[{\"@type\":\"ReadAction\",\"target\":[\"https:\/\/dpslaziska.pl\/?page_id=10\"]}]},{\"@type\":\"BreadcrumbList\",\"@id\":\"https:\/\/dpslaziska.pl\/?page_id=10#breadcrumb\",\"itemListElement\":[{\"@type\":\"ListItem\",\"position\":1,\"name\":\"Home\",\"item\":\"https:\/\/dpslaziska.pl\/\"},{\"@type\":\"ListItem\",\"position\":2,\"name\":\"\u015awiadczone us\u0142ugi\"}]},{\"@type\":\"WebSite\",\"@id\":\"https:\/\/dpslaziska.pl\/#website\",\"url\":\"https:\/\/dpslaziska.pl\/\",\"name\":\"Dom Pomocy Spo\u0142ecznej &quot;Dom Kombatanta&quot; w \u0141aziskach\",\"description\":\"\",\"potentialAction\":[{\"@type\":\"SearchAction\",\"target\":{\"@type\":\"EntryPoint\",\"urlTemplate\":\"https:\/\/dpslaziska.pl\/?s={search_term_string}\"},\"query-input\":{\"@type\":\"PropertyValueSpecification\",\"valueRequired\":true,\"valueName\":\"search_term_string\"}}],\"inLanguage\":\"pl-PL\"}]}<\/script>\n<!-- \/ Yoast SEO plugin. -->","yoast_head_json":{"title":"\u015awiadczone us\u0142ugi - Dom Pomocy Spo\u0142ecznej &quot;Dom Kombatanta&quot; w \u0141aziskach","robots":{"index":"index","follow":"follow","max-snippet":"max-snippet:-1","max-image-preview":"max-image-preview:large","max-video-preview":"max-video-preview:-1"},"canonical":"https:\/\/dpslaziska.pl\/?page_id=10","og_locale":"pl_PL","og_type":"article","og_title":"\u015awiadczone us\u0142ugi - Dom Pomocy Spo\u0142ecznej &quot;Dom Kombatanta&quot; w \u0141aziskach","og_description":"Dom \u015bwiadczy na rzecz\u00a0mieszka\u0144c\u00f3w: 1. us\u0142ugi bytowe\u00a0zapewniaj\u0105c: miejsce\u00a0zamieszkania, wy\u017cywienie, odzie\u017c i\u00a0obuwie, utrzymanie\u00a0czysto\u015bci. 2. us\u0142ugi opieku\u0144cze, polegaj\u0105ce\u00a0na: udzielaniu pomocy w\u00a0podstawowych czynno\u015bciach\u00a0\u017cyciowych, piel\u0119gnacji, niezb\u0119dnej pomocy w\u00a0za\u0142atwianiu spraw\u00a0osobistych 3. wspomagaj\u0105ce, polegaj\u0105ce\u00a0na: umo\u017cliwianiu mieszka\u0144com udzia\u0142 w\u00a0terapii\u00a0zaj\u0119ciowej, podnoszeniu sprawno\u015bci i\u00a0aktywizowaniu\u00a0mieszka\u0144c\u00f3w, umo\u017cliwianiu zaspokajania potrzeb religijnych i\u00a0kulturalnych, &hellip; Czytaj dalej &rarr;","og_url":"https:\/\/dpslaziska.pl\/?page_id=10","og_site_name":"Dom Pomocy Spo\u0142ecznej &quot;Dom Kombatanta&quot; w \u0141aziskach","article_modified_time":"2024-11-26T19:33:50+00:00","twitter_card":"summary_large_image","twitter_misc":{"Szacowany czas czytania":"4 minuty"},"schema":{"@context":"https:\/\/schema.org","@graph":[{"@type":"WebPage","@id":"https:\/\/dpslaziska.pl\/?page_id=10","url":"https:\/\/dpslaziska.pl\/?page_id=10","name":"\u015awiadczone us\u0142ugi - Dom Pomocy Spo\u0142ecznej &quot;Dom Kombatanta&quot; w \u0141aziskach","isPartOf":{"@id":"https:\/\/dpslaziska.pl\/#website"},"datePublished":"2024-10-07T17:17:59+00:00","dateModified":"2024-11-26T19:33:50+00:00","breadcrumb":{"@id":"https:\/\/dpslaziska.pl\/?page_id=10#breadcrumb"},"inLanguage":"pl-PL","potentialAction":[{"@type":"ReadAction","target":["https:\/\/dpslaziska.pl\/?page_id=10"]}]},{"@type":"BreadcrumbList","@id":"https:\/\/dpslaziska.pl\/?page_id=10#breadcrumb","itemListElement":[{"@type":"ListItem","position":1,"name":"Home","item":"https:\/\/dpslaziska.pl\/"},{"@type":"ListItem","position":2,"name":"\u015awiadczone us\u0142ugi"}]},{"@type":"WebSite","@id":"https:\/\/dpslaziska.pl\/#website","url":"https:\/\/dpslaziska.pl\/","name":"Dom Pomocy Spo\u0142ecznej &quot;Dom Kombatanta&quot; w \u0141aziskach","description":"","potentialAction":[{"@type":"SearchAction","target":{"@type":"EntryPoint","urlTemplate":"https:\/\/dpslaziska.pl\/?s={search_term_string}"},"query-input":{"@type":"PropertyValueSpecification","valueRequired":true,"valueName":"search_term_string"}}],"inLanguage":"pl-PL"}]}},"_links":{"self":[{"href":"https:\/\/dpslaziska.pl\/index.php?rest_route=\/wp\/v2\/pages\/10","targetHints":{"allow":["GET"]}}],"collection":[{"href":"https:\/\/dpslaziska.pl\/index.php?rest_route=\/wp\/v2\/pages"}],"about":[{"href":"https:\/\/dpslaziska.pl\/index.php?rest_route=\/wp\/v2\/types\/page"}],"author":[{"embeddable":true,"href":"https:\/\/dpslaziska.pl\/index.php?rest_route=\/wp\/v2\/users\/1"}],"replies":[{"embeddable":true,"href":"https:\/\/dpslaziska.pl\/index.php?rest_route=%2Fwp%2Fv2%2Fcomments&post=10"}],"version-history":[{"count":13,"href":"https:\/\/dpslaziska.pl\/index.php?rest_route=\/wp\/v2\/pages\/10\/revisions"}],"predecessor-version":[{"id":433,"href":"https:\/\/dpslaziska.pl\/index.php?rest_route=\/wp\/v2\/pages\/10\/revisions\/433"}],"wp:attachment":[{"href":"https:\/\/dpslaziska.pl\/index.php?rest_route=%2Fwp%2Fv2%2Fmedia&parent=10"}],"curies":[{"name":"wp","href":"https:\/\/api.w.org\/{rel}","templated":true}]}}